{"id":63,"date":"2023-04-07T20:06:20","date_gmt":"2023-04-07T18:06:20","guid":{"rendered":"https:\/\/www.pesiaci.sk\/?page_id=63"},"modified":"2023-04-16T13:05:05","modified_gmt":"2023-04-16T11:05:05","slug":"linky","status":"publish","type":"page","link":"https:\/\/www.pesiaci.sk\/?page_id=63","title":{"rendered":"Linky"},"content":{"rendered":"\n<ul class=\"wp-block-list\">\n<li><a href=\"https:\/\/www.czssabinov.sk\/\">CZ\u0160 sv.J\u00e1na Krstite\u013ea v Sabinove<\/a><\/li>\n\n\n\n<li><a href=\"https:\/\/gpx.jogo.sk\/\">Grand prix ml\u00e1de\u017ee Slovensk\u00e9ho \u0161achov\u00e9ho zv\u00e4zu<\/a><\/li>\n\n\n\n<li><a href=\"https:\/\/www.chess.sk\/\">Slovensk\u00fd \u0161achov\u00fd zv\u00e4z<\/a><\/li>\n\n\n\n<li><a href=\"https:\/\/lichess.org\/team\/czs-sv-jana-krstitela-sabinov\">Dru\u017estvo CZ\u0160 sv. J\u00e1na Krstite\u013ea Sabinov pre s\u00fa\u0165a\u017ee dru\u017estiev a jednotlivcov \u017eiakov\/\u017eia\u010dky \u0161koly na port\u00e1li lichess.org<\/a><\/li>\n\n\n\n<li><a href=\"https:\/\/learningchess.net\/sk\/index\">Learningchess.net &#8211; u\u010denie \u0161achu z\u00e1bavnou formou<\/a><\/li>\n\n\n\n<li><a href=\"https:\/\/chess.sk\/download\/dokumenty\/1437903055tlacivo_registraciahraca.pdf\">Slovensk\u00fd \u0161achov\u00fd zv\u00e4z &#8211; \u017diados\u0165 o registr\u00e1ciu<\/a><\/li>\n<\/ul>\n\n\n\n<p><\/p>\n","protected":false},"excerpt":{"rendered":"","protected":false},"author":1,"featured_media":0,"parent":0,"menu_order":0,"comment_status":"closed","ping_status":"closed","template":"","meta":{"_monsterinsights_skip_tracking":false,"_monsterinsights_sitenote_active":false,"_monsterinsights_sitenote_note":"","_monsterinsights_sitenote_category":0,"footnotes":""},"class_list":["post-63","page","type-page","status-publish","hentry"],"_links":{"self":[{"href":"https:\/\/www.pesiaci.sk\/index.php?rest_route=\/wp\/v2\/pages\/63","targetHints":{"allow":["GET"]}}],"collection":[{"href":"https:\/\/www.pesiaci.sk\/index.php?rest_route=\/wp\/v2\/pages"}],"about":[{"href":"https:\/\/www.pesiaci.sk\/index.php?rest_route=\/wp\/v2\/types\/page"}],"author":[{"embeddable":true,"href":"https:\/\/www.pesiaci.sk\/index.php?rest_route=\/wp\/v2\/users\/1"}],"replies":[{"embeddable":true,"href":"https:\/\/www.pesiaci.sk\/index.php?rest_route=%2Fwp%2Fv2%2Fcomments&post=63"}],"version-history":[{"count":6,"href":"https:\/\/www.pesiaci.sk\/index.php?rest_route=\/wp\/v2\/pages\/63\/revisions"}],"predecessor-version":[{"id":174,"href":"https:\/\/www.pesiaci.sk\/index.php?rest_route=\/wp\/v2\/pages\/63\/revisions\/174"}],"wp:attachment":[{"href":"https:\/\/www.pesiaci.sk\/index.php?rest_route=%2Fwp%2Fv2%2Fmedia&parent=63"}],"curies":[{"name":"wp","href":"https:\/\/api.w.org\/{rel}","templated":true}]}}