{"id":61,"date":"2023-04-07T20:05:53","date_gmt":"2023-04-07T18:05:53","guid":{"rendered":"https:\/\/www.pesiaci.sk\/?page_id=61"},"modified":"2023-04-10T21:50:47","modified_gmt":"2023-04-10T19:50:47","slug":"kontakt","status":"publish","type":"page","link":"https:\/\/www.pesiaci.sk\/?page_id=61","title":{"rendered":"Kontakt"},"content":{"rendered":"\n<p>\u0160achov\u00e1 akad\u00e9mia Pe\u0161iaci Sabinov, o. z.<\/p>\n\n\n\n<p>Pr\u00e1vna forma: ob\u010dianske zdru\u017eenie<\/p>\n\n\n\n<p>I\u010cO: 53793064<\/p>\n\n\n\n<p>S\u00eddlo: Matice Slovenskej 607\/13, 08301 Sabinov<\/p>\n\n\n\n<p>E-mail: <a rel=\"noreferrer noopener\" href=\"mailto:sachovaakademiapesiaci@gmail.com\" target=\"_blank\">sachovaakademiapesiaci@gmail.com<\/a><\/p>\n\n\n\n<p>Kontaktn\u00e1 osoba: Martin \u010cab\u00e1k, tel. \u010d.: 0908 090 471<\/p>\n","protected":false},"excerpt":{"rendered":"<p>\u0160achov\u00e1 akad\u00e9mia Pe\u0161iaci Sabinov, o. z. Pr\u00e1vna forma: ob\u010dianske zdru\u017eenie I\u010cO: 53793064 S\u00eddlo: Matice Slovenskej 607\/13, 08301 Sabinov E-mail: sachovaakademiapesiaci@gmail.com Kontaktn\u00e1 osoba: Martin \u010cab\u00e1k, tel. \u010d.: 0908 090 471<\/p>\n","protected":false},"author":2,"featured_media":0,"parent":0,"menu_order":0,"comment_status":"closed","ping_status":"closed","template":"","meta":{"_monsterinsights_skip_tracking":false,"_monsterinsights_sitenote_active":false,"_monsterinsights_sitenote_note":"","_monsterinsights_sitenote_category":0,"footnotes":""},"class_list":["post-61","page","type-page","status-publish","hentry"],"_links":{"self":[{"href":"https:\/\/www.pesiaci.sk\/index.php?rest_route=\/wp\/v2\/pages\/61","targetHints":{"allow":["GET"]}}],"collection":[{"href":"https:\/\/www.pesiaci.sk\/index.php?rest_route=\/wp\/v2\/pages"}],"about":[{"href":"https:\/\/www.pesiaci.sk\/index.php?rest_route=\/wp\/v2\/types\/page"}],"author":[{"embeddable":true,"href":"https:\/\/www.pesiaci.sk\/index.php?rest_route=\/wp\/v2\/users\/2"}],"replies":[{"embeddable":true,"href":"https:\/\/www.pesiaci.sk\/index.php?rest_route=%2Fwp%2Fv2%2Fcomments&post=61"}],"version-history":[{"count":4,"href":"https:\/\/www.pesiaci.sk\/index.php?rest_route=\/wp\/v2\/pages\/61\/revisions"}],"predecessor-version":[{"id":97,"href":"https:\/\/www.pesiaci.sk\/index.php?rest_route=\/wp\/v2\/pages\/61\/revisions\/97"}],"wp:attachment":[{"href":"https:\/\/www.pesiaci.sk\/index.php?rest_route=%2Fwp%2Fv2%2Fmedia&parent=61"}],"curies":[{"name":"wp","href":"https:\/\/api.w.org\/{rel}","templated":true}]}}