{"id":2,"date":"2023-03-21T21:50:16","date_gmt":"2023-03-21T20:50:16","guid":{"rendered":"https:\/\/www.pesiaci.sk\/?page_id=2"},"modified":"2026-03-08T12:26:24","modified_gmt":"2026-03-08T11:26:24","slug":"ukazkova-stranka","status":"publish","type":"page","link":"https:\/\/www.pesiaci.sk\/","title":{"rendered":"O n\u00e1s"},"content":{"rendered":"\n<p>\u0160achov\u00e1 akad\u00e9mia Pe\u0161iaci Sabinov je ob\u010dianske zdru\u017eenie, ktor\u00e9 p\u00f4sob\u00ed ako z\u00e1ujmov\u00fd klub pri\u00a0 CZ\u0160 sv.J\u00e1na\u00a0 Krstite\u013ea v Sabinove. V klube je registrovan\u00fdch pribli\u017ene 30 akt\u00edvnych \u010dlenov. \u010clenovia klubu  sa pravidelne z\u00fa\u010dast\u0148uj\u00fa r\u00f4znych \u0161kolsk\u00fdch, ale aj GPX\u00a0 turnajov (Grand Prix ml\u00e1de\u017ee Slovenska), ligov\u00fdch z\u00e1pasov a taktie\u017e \u0160ari\u0161skej ligy dru\u017estiev ml\u00e1de\u017ee a mnoh\u00fdch \u010fal\u0161\u00edch akci\u00ed. To, \u017ee sa n\u00e1m pomerne dobre dar\u00ed sved\u010d\u00ed aj mno\u017estvo ocenen\u00ed a v\u00ed\u0165azstiev v jednotliv\u00fdch kateg\u00f3ri\u00e1ch. Na\u0161e dvere s\u00fa otvoren\u00e9 pre v\u0161etk\u00fdch hr\u00e1\u010dov so z\u00e1ujmom pre \u0161ach a zmyslom pre fair play.\u00a0<\/p>\n\n\n\n<p>Hr\u00e1\u010di sa stret\u00e1vaj\u00fa jedenkr\u00e1t t\u00fd\u017edenne na pravideln\u00fdch tr\u00e9ningoch a pravidelne sa z\u00fa\u010dast\u0148uj\u00fa na r\u00f4znych s\u00fa\u0165a\u017eiach najm\u00e4 na v\u00fdchodnom Slovensku, kde meraj\u00fa svoje sily s \u010fal\u0161\u00edmi hr\u00e1\u010dmi z n\u00e1\u0161ho regi\u00f3nu. Cibria svoju trpezlivos\u0165, pozornos\u0165 a \u010fal\u0161ie schopnosti, ktor\u00e9 t\u00e1to kr\u00e1\u013eovsk\u00e1 hra rozv\u00edja. V neposlednom rade z\u00edskavaj\u00fa cenn\u00e9 sk\u00fasenosti. \u00daspechy na\u0161ich hr\u00e1\u010dov m\u00f4\u017eete sledova\u0165 na na na\u0161om <a href=\"https:\/\/www.facebook.com\/%C5%A0achov%C3%A1-Akad%C3%A9mia-Pe%C5%A1iaci-Sabinov-115630679823416\">facebokovom profile <\/a>a tie\u017e na <a href=\"https:\/\/youtube.com\/playlist?list=PLpwBYtTc3QZL4qlbrYaAb2iyJG15eR3C8&amp;si=tvlvOGSO0_9G21Yd\">youtube<\/a>.<\/p>\n\n\n\n<p><\/p>\n","protected":false},"excerpt":{"rendered":"<p>\u0160achov\u00e1 akad\u00e9mia Pe\u0161iaci Sabinov je ob\u010dianske zdru\u017eenie, ktor\u00e9 p\u00f4sob\u00ed ako z\u00e1ujmov\u00fd klub pri\u00a0 CZ\u0160 sv.J\u00e1na\u00a0 Krstite\u013ea v Sabinove. V klube je registrovan\u00fdch pribli\u017ene 30 akt\u00edvnych \u010dlenov. \u010clenovia klubu sa pravidelne z\u00fa\u010dast\u0148uj\u00fa r\u00f4znych \u0161kolsk\u00fdch, ale aj GPX\u00a0 turnajov (Grand Prix ml\u00e1de\u017ee Slovenska), ligov\u00fdch z\u00e1pasov a taktie\u017e \u0160ari\u0161skej ligy dru\u017estiev ml\u00e1de\u017ee a mnoh\u00fdch \u010fal\u0161\u00edch akci\u00ed. To, \u017ee [&hellip;]<\/p>\n","protected":false},"author":1,"featured_media":0,"parent":0,"menu_order":0,"comment_status":"closed","ping_status":"open","template":"","meta":{"_monsterinsights_skip_tracking":false,"_monsterinsights_sitenote_active":false,"_monsterinsights_sitenote_note":"","_monsterinsights_sitenote_category":0,"footnotes":""},"class_list":["post-2","page","type-page","status-publish","hentry"],"_links":{"self":[{"href":"https:\/\/www.pesiaci.sk\/index.php?rest_route=\/wp\/v2\/pages\/2","targetHints":{"allow":["GET"]}}],"collection":[{"href":"https:\/\/www.pesiaci.sk\/index.php?rest_route=\/wp\/v2\/pages"}],"about":[{"href":"https:\/\/www.pesiaci.sk\/index.php?rest_route=\/wp\/v2\/types\/page"}],"author":[{"embeddable":true,"href":"https:\/\/www.pesiaci.sk\/index.php?rest_route=\/wp\/v2\/users\/1"}],"replies":[{"embeddable":true,"href":"https:\/\/www.pesiaci.sk\/index.php?rest_route=%2Fwp%2Fv2%2Fcomments&post=2"}],"version-history":[{"count":5,"href":"https:\/\/www.pesiaci.sk\/index.php?rest_route=\/wp\/v2\/pages\/2\/revisions"}],"predecessor-version":[{"id":147,"href":"https:\/\/www.pesiaci.sk\/index.php?rest_route=\/wp\/v2\/pages\/2\/revisions\/147"}],"wp:attachment":[{"href":"https:\/\/www.pesiaci.sk\/index.php?rest_route=%2Fwp%2Fv2%2Fmedia&parent=2"}],"curies":[{"name":"wp","href":"https:\/\/api.w.org\/{rel}","templated":true}]}}